{"id":841,"date":"2021-05-10T15:23:36","date_gmt":"2021-05-10T15:23:36","guid":{"rendered":"https:\/\/optical-sorting.de\/?page_id=841"},"modified":"2024-05-20T10:02:40","modified_gmt":"2024-05-20T10:02:40","slug":"aviso-legal-2","status":"publish","type":"page","link":"https:\/\/optical-sorting.de\/es\/aviso-legal-2\/","title":{"rendered":"T\u00e9rminos y condiciones generales"},"content":{"rendered":"\t\t<div data-elementor-type=\"wp-page\" data-elementor-id=\"841\" class=\"elementor elementor-841\" data-elementor-post-type=\"page\">\n\t\t\t\t\t\t<section class=\"elementor-section elementor-top-section elementor-element elementor-element-99b267f elementor-section-boxed elementor-section-height-default elementor-section-height-default\" data-id=\"99b267f\" data-element_type=\"section\" data-e-type=\"section\">\n\t\t\t\t\t\t<div class=\"elementor-container elementor-column-gap-default\">\n\t\t\t\t\t<div class=\"elementor-column elementor-col-100 elementor-top-column elementor-element elementor-element-1a5d7fb\" data-id=\"1a5d7fb\" data-element_type=\"column\" data-e-type=\"column\">\n\t\t\t<div class=\"elementor-widget-wrap elementor-element-populated\">\n\t\t\t\t\t\t<div class=\"elementor-element elementor-element-8cd957a elementor-widget elementor-widget-text-editor\" data-id=\"8cd957a\" data-element_type=\"widget\" data-e-type=\"widget\" data-widget_type=\"text-editor.default\">\n\t\t\t\t<div class=\"elementor-widget-container\">\n\t\t\t\t\t\t\t\t\t<ol>\n \t<li><strong>\u00c1mbito de validez<\/strong><\/li>\n<\/ol>\n<\/div>\n<div class=\"wpb_wrapper\">\n\n<strong>1.1\u00a0<\/strong>Las presentes condiciones comerciales generales se aplicar\u00e1n a todos los contratos que celebremos con nuestros clientes.\n\n<strong>1.2\u00a0<\/strong>Nuestros servicios y ofertas estar\u00e1n sujetos \u00fanica y exclusivamente a las presentes condiciones comerciales generales, que tambi\u00e9n se aplicar\u00e1n a las transacciones futuras con el cliente en cuesti\u00f3n, siempre que se trate de operaciones legales de una naturaleza id\u00e9ntica o similar.\n\n<strong>1.3\u00a0<\/strong>En consecuencia las presentes condiciones invalidan las condiciones comerciales o de adquisici\u00f3n del cliente.\n\n&nbsp;\n<ol start=\"2\">\n \t<li><strong>Oferta y celebraci\u00f3n del contrato<\/strong><\/li>\n<\/ol>\n&nbsp;\n\n<strong>2.1\u00a0<\/strong>Nuestras ofertas pueden estar sujetas a cambios y no son vinculantes, a menos que nuestra empresa las haya designado expresamente como tales.\n\n<strong>2.2\u00a0<\/strong>Nuestra empresa podr\u00e1 aceptar los pedidos, realizados por el cliente y que deban considerarse como celebraci\u00f3n de un contrato, en un plazo de dos semanas mediante el env\u00edo de una confirmaci\u00f3n por escrito o mediante la prestaci\u00f3n, dentro del mismo plazo, del servicio objeto del contrato.\n\n<strong>2.3\u00a0<\/strong>Los dibujos, las im\u00e1genes u otros datos relacionados con el alcance del servicio solo ser\u00e1n vinculantes cuando as\u00ed se acuerde expresamente por escrito.\n\n&nbsp;\n<ol start=\"3\">\n \t<li><strong>Servicio<\/strong><\/li>\n<\/ol>\n<strong>3.1\u00a0<\/strong>Nuestros servicios de separaci\u00f3n est\u00e1n sujetos al suministro del material por parte del cliente de la forma correcta y acordada.\n\n<strong>3.2\u00a0<\/strong>Solo estaremos autorizados a prestar servicios parciales cuando estos redunden en inter\u00e9s del cliente en virtud del objeto del contrato y no le supongan ning\u00fan gasto adicional considerable.\n\n<strong>3.3\u00a0<\/strong>Las fechas de suministro y de producci\u00f3n son aproximadas, siempre que no se haya acordado otra cosa con el cliente. Los plazos relativos al servicio comienzan siempre a partir del momento en el que el cliente haya cumplido plena y correctamente sus obligaciones.\n\n<strong>3.4\u00a0<\/strong>Cuando el cliente se retrase en el suministro o la aceptaci\u00f3n de la mercanc\u00eda a separar, podremos reclamar una indemnizaci\u00f3n por los da\u00f1os que se hayan producido; el peligro de la eventual destrucci\u00f3n o del eventual deterioro se transferir\u00e1 al cliente con el inicio de la demora de aceptaci\u00f3n.\n\n&nbsp;\n<ol start=\"4\">\n \t<li><strong>Precios y modalidades de pago<\/strong><\/li>\n<\/ol>\n&nbsp;\n\n<strong>4.1\u00a0<\/strong>Nuestros precios se refieren \u00fanicamente al servicio de separaci\u00f3n.\n\n<strong>4.2\u00a0<\/strong>En aquellos casos en los que el cliente desee que le enviemos la mercanc\u00eda que hayamos separado, los gastos de transporte correr\u00e1n a su cargo.\n\n<strong>4.3\u00a0<\/strong>Nuestras facturas son pagaderas en un plazo de 30 d\u00edas a partir de la fecha de su emisi\u00f3n.\n\n<strong>4.4\u00a0<\/strong>Cuando el cliente se retrase en el pago se aplicar\u00e1n las disposiciones legales.\n\n<strong>4.5\u00a0<\/strong>El cliente solo podr\u00e1 compensar nuestros cr\u00e9ditos con cr\u00e9ditos incontestables, reconocidos por nosotros y legalmente establecidos, o con cr\u00e9ditos que est\u00e9n en relaci\u00f3n rec\u00edproca con nuestro cr\u00e9dito. El cliente solo estar\u00e1 autorizado a hacer valer un derecho de retenci\u00f3n cuando su contrademanda se base en la misma relaci\u00f3n contractual.\n\n&nbsp;\n\n&nbsp;\n<ol start=\"5\">\n \t<li><strong>Transferencia del peligro y aceptaci\u00f3n<\/strong><\/li>\n<\/ol>\n<strong>5.1\u00a0<\/strong>En aquellos casos en los que el cliente desee que le enviemos la mercanc\u00eda que hayamos separado, el peligro de su eventual destrucci\u00f3n o deterioro se transferir\u00e1 al cliente cuando se le env\u00ede la mercanc\u00eda, a m\u00e1s tardar cuando esta abandone nuestro almac\u00e9n. Si el env\u00edo se retrasa a petici\u00f3n del cliente, el peligro se le transferir\u00e1 con la notificaci\u00f3n de la disponibilidad de la mercanc\u00eda para su env\u00edo.\n\n<strong>5.2\u00a0<\/strong>Cuando sea necesario, el cliente deber\u00e1 empaquetar e identificar la mercanc\u00eda que vayamos a separar, as\u00ed como facilitarnos toda la informaci\u00f3n que precisemos para su correcto almacenamiento. La mercanc\u00eda se almacenar\u00e1 a nuestra discreci\u00f3n, en nuestro almac\u00e9n o en instalaciones de almacenaje de terceros, siempre que esta posibilidad no quede excluida en el contrato. Nuestra empresa deber\u00e1 garantizar el correcto mantenimiento y cuidado de los almacenes y de otros espacios de almacenamiento y el aseguramiento de las mercanc\u00edas, en particular contra robo. Otras medidas de seguridad que vayan, por ejemplo, m\u00e1s all\u00e1 de las disposiciones legales en materia de protecci\u00f3n contra incendios precisar\u00e1n un acuerdo espec\u00edfico.\n\n<strong>5.3\u00a0<\/strong>El servicio prestado por nuestra empresa deber\u00e1 ser aceptado por el cliente en un plazo de una semana a partir de la entrega del producto separado. Nuestro servicio se considerar\u00e1 aceptado cuando el cliente no rechace la aceptaci\u00f3n dentro de este plazo especificando al menos un defecto.\n\n&nbsp;\n<ol start=\"6\">\n \t<li><strong>Garant\u00eda<\/strong><\/li>\n<\/ol>\n&nbsp;\n\n<strong>6.1\u00a0<\/strong>En caso de que nuestra empresa incumpla una obligaci\u00f3n contractual, asistir\u00e1n al cliente los derechos legales de conformidad con las siguientes disposiciones.\n\n<strong>6.2\u00a0<\/strong>En el caso de una notificaci\u00f3n justificada de defecto, el cliente tendr\u00e1 derecho a subsanaci\u00f3n durante el periodo de garant\u00eda y nuestra empresa tendr\u00e1 derecho a elegir en lo que respecta al tipo de subsanaci\u00f3n. Si la subsanaci\u00f3n fracasara o si fuera inadmisible para el cliente llevar a cabo otros intentos de subsanaci\u00f3n, este tendr\u00e1 derecho a una reducci\u00f3n o a retirarse del contrato.\n\n<strong>6.3\u00a0<\/strong>El cliente solo podr\u00e1 hacer valer las reclamaciones por da\u00f1os y perjuicios por un defecto seg\u00fan las condiciones recogidas en el apartado 6 cuando la subsanaci\u00f3n haya fracasado o nuestra empresa la rechace. Lo anterior se aplicar\u00e1 sin perjuicio del derecho del cliente a hacer valer otras reclamaciones por da\u00f1os y perjuicios seg\u00fan las condiciones recogidas en el apartado 6.\n\n<strong>6.4\u00a0<\/strong>El derecho de reclamaci\u00f3n por defectos contra nuestra empresa solo asiste al cliente y no puede transferirse.\n\n<strong>6.5\u00a0<\/strong>El plazo de prescripci\u00f3n de los derechos de reclamaci\u00f3n por defectos es de un a\u00f1o a partir de la terminaci\u00f3n del servicio de separaci\u00f3n. Esto no ser\u00e1 de aplicaci\u00f3n cuando la ley prevea plazos m\u00e1s amplios, cuando se trate de casos en los que se ponga en riesgo la vida, la integridad f\u00edsica o la salud, cuando nuestra empresa incumpla un deber actuando con dolo o negligencia grave o cuando se oculte un defecto de mala fe.\n\n&nbsp;\n<ol start=\"7\">\n \t<li><strong>Responsabilidad<\/strong><\/li>\n<\/ol>\n&nbsp;\n\n<strong>7.1\u00a0<\/strong>La responsabilidad de nuestra empresa por eventuales da\u00f1os se limita \u00fanicamente a aquellos que se produzcan cuando esta, sus representantes legales o sus agentes infrinjan una obligaci\u00f3n contractual sustancial o cuando act\u00faen con dolo o negligencia grave. Cuando una obligaci\u00f3n contractual esencial se infrinja por negligencia leve, nuestra responsabilidad quedar\u00e1 limitada a los da\u00f1os contractuales t\u00edpicos y previsibles. Se considera que una obligaci\u00f3n contractual es esencial cuando es su cumplimiento el que hace posible la ejecuci\u00f3n correcta del contrato o cuando el cliente haya tenido la posibilidad de depositar su confianza en su cumplimiento o lo haya hecho.\n\n<strong>7.2\u00a0<\/strong>Queda excluida cualquier responsabilidad adicional por da\u00f1os y perjuicios. Lo anterior se aplicar\u00e1 sin perjuicio de la responsabilidad por lesiones culposas que atenten contra la vida, la integridad f\u00edsica y la salud seg\u00fan se prevea en las disposiciones legales. Esto ser\u00e1 tambi\u00e9n de aplicaci\u00f3n para la responsabilidad obligatoria en virtud de la Ley alemana de responsabilidad por el producto (Produkthaftungsgesetz).\n\n&nbsp;\n<ol start=\"8\">\n \t<li><strong>Lugar de cumplimiento\/tribunal competente\/derecho aplicable<\/strong><\/li>\n<\/ol>\n&nbsp;\n\n<strong>8.1\u00a0<\/strong>El lugar de cumplimiento de todas las obligaciones a las que nuestra empresa est\u00e1 sujeta y para cualquier otra obligaci\u00f3n contractual a la que est\u00e9n sujetas ambas partes es la localidad de Wachtendonk.\n\n<strong>8.2\u00a0<\/strong>El presente contrato y las presentes condiciones, as\u00ed como la totalidad de las relaciones jur\u00eddicas entre el cliente y nuestra empresa, se regir\u00e1n por la legislaci\u00f3n de la Rep\u00fablica Federal de Alemania, excluy\u00e9ndose cualquier referencia a otros \u00f3rdenes jur\u00eddicos y tratados nacionales. Queda sin aplicaci\u00f3n la Convenci\u00f3n de las Naciones Unidas sobre los Contratos de Compraventa Internacional de Mercader\u00edas.\n\n<strong>8.3\u00a0<\/strong>Wachtendonk ser\u00e1 el lugar de jurisdicci\u00f3n para todos los litigios que se deriven de la presente relaci\u00f3n contractual. No obstante, nuestra empresa est\u00e1 autorizada a llevar a los tribunales al cliente all\u00ed donde tenga su domicilio social.\n\t\t\t\t\t\t\t\t<\/div>\n\t\t\t\t<\/div>\n\t\t\t\t\t<\/div>\n\t\t<\/div>\n\t\t\t\t\t<\/div>\n\t\t<\/section>\n\t\t\t\t<section class=\"elementor-section elementor-top-section elementor-element elementor-element-e37f540 elementor-section-boxed elementor-section-height-default elementor-section-height-default\" data-id=\"e37f540\" data-element_type=\"section\" data-e-type=\"section\">\n\t\t\t\t\t\t<div class=\"elementor-container elementor-column-gap-default\">\n\t\t\t\t\t<div class=\"elementor-column elementor-col-100 elementor-top-column elementor-element elementor-element-67f0a58\" data-id=\"67f0a58\" data-element_type=\"column\" data-e-type=\"column\">\n\t\t\t<div class=\"elementor-widget-wrap elementor-element-populated\">\n\t\t\t\t\t\t<div class=\"elementor-element elementor-element-11de23d elementor-widget elementor-widget-image\" data-id=\"11de23d\" data-element_type=\"widget\" data-e-type=\"widget\" data-widget_type=\"image.default\">\n\t\t\t\t<div class=\"elementor-widget-container\">\n\t\t\t\t\t\t\t\t\t\t\t\t\t\t\t<img decoding=\"async\" src=\"https:\/\/optical-sorting.de\/wp-content\/uploads\/elementor\/thumbs\/logos-kit-digital-1024x110-1-qoag0sh9k9k07g9fhsqodvrkl3h3x752dircwmzwuq.jpeg\" title=\"logos-kit-digital-1024&#215;110\" alt=\"logos-kit-digital-1024x110\" loading=\"lazy\" \/>\t\t\t\t\t\t\t\t\t\t\t\t\t\t\t<\/div>\n\t\t\t\t<\/div>\n\t\t\t\t\t<\/div>\n\t\t<\/div>\n\t\t\t\t\t<\/div>\n\t\t<\/section>\n\t\t\t\t<\/div>\n\t\t","protected":false},"excerpt":{"rendered":"<p>\u00c1mbito de validez 1.1\u00a0Las presentes condiciones comerciales generales se aplicar\u00e1n a todos los contratos que celebremos con nuestros clientes. 1.2\u00a0Nuestros servicios y ofertas estar\u00e1n sujetos \u00fanica y exclusivamente a las presentes condiciones comerciales generales, que tambi\u00e9n se aplicar\u00e1n a las transacciones futuras con el cliente en cuesti\u00f3n, siempre que se trate de operaciones legales de &#8230; <a title=\"T\u00e9rminos y condiciones generales\" class=\"read-more\" href=\"https:\/\/optical-sorting.de\/es\/aviso-legal-2\/\" aria-label=\"Leer m\u00e1s sobre T\u00e9rminos y condiciones generales\">Leer m\u00e1s<\/a><\/p>\n","protected":false},"author":1,"featured_media":0,"parent":0,"menu_order":0,"comment_status":"closed","ping_status":"closed","template":"","meta":{"footnotes":""},"class_list":["post-841","page","type-page","status-publish"],"yoast_head":"<!-- This site is optimized with the Yoast SEO plugin v27.3 - https:\/\/yoast.com\/product\/yoast-seo-wordpress\/ -->\n<title>T\u00e9rminos y condiciones generales - Optical Sorting<\/title>\n<meta name=\"robots\" content=\"noindex, follow\" \/>\n<meta property=\"og:locale\" content=\"es_ES\" \/>\n<meta property=\"og:type\" content=\"article\" \/>\n<meta property=\"og:title\" content=\"T\u00e9rminos y condiciones generales - Optical Sorting\" \/>\n<meta property=\"og:description\" content=\"\u00c1mbito de validez 1.1\u00a0Las presentes condiciones comerciales generales se aplicar\u00e1n a todos los contratos que celebremos con nuestros clientes. 1.2\u00a0Nuestros servicios y ofertas estar\u00e1n sujetos \u00fanica y exclusivamente a las presentes condiciones comerciales generales, que tambi\u00e9n se aplicar\u00e1n a las transacciones futuras con el cliente en cuesti\u00f3n, siempre que se trate de operaciones legales de ... Leer m\u00e1s\" \/>\n<meta property=\"og:url\" content=\"https:\/\/optical-sorting.de\/es\/aviso-legal-2\/\" \/>\n<meta property=\"og:site_name\" content=\"Optical Sorting\" \/>\n<meta property=\"article:modified_time\" content=\"2024-05-20T10:02:40+00:00\" \/>\n<meta property=\"og:image\" content=\"https:\/\/optical-sorting.de\/wp-content\/uploads\/elementor\/thumbs\/logos-kit-digital-1024x110-1-qoag0sh9k9k07g9fhsqodvrkl3h3x752dircwmzwv0.jpeg\" \/>\n<meta name=\"twitter:card\" content=\"summary_large_image\" \/>\n<meta name=\"twitter:label1\" content=\"Tiempo de lectura\" \/>\n\t<meta name=\"twitter:data1\" content=\"6 minutos\" \/>\n<script type=\"application\/ld+json\" class=\"yoast-schema-graph\">{\"@context\":\"https:\\\/\\\/schema.org\",\"@graph\":[{\"@type\":\"WebPage\",\"@id\":\"https:\\\/\\\/optical-sorting.de\\\/es\\\/aviso-legal-2\\\/\",\"url\":\"https:\\\/\\\/optical-sorting.de\\\/es\\\/aviso-legal-2\\\/\",\"name\":\"T\u00e9rminos y condiciones generales - Optical Sorting\",\"isPartOf\":{\"@id\":\"https:\\\/\\\/optical-sorting.de\\\/es\\\/#website\"},\"primaryImageOfPage\":{\"@id\":\"https:\\\/\\\/optical-sorting.de\\\/es\\\/aviso-legal-2\\\/#primaryimage\"},\"image\":{\"@id\":\"https:\\\/\\\/optical-sorting.de\\\/es\\\/aviso-legal-2\\\/#primaryimage\"},\"thumbnailUrl\":\"https:\\\/\\\/optical-sorting.de\\\/wp-content\\\/uploads\\\/elementor\\\/thumbs\\\/logos-kit-digital-1024x110-1-qoag0sh9k9k07g9fhsqodvrkl3h3x752dircwmzwv0.jpeg\",\"datePublished\":\"2021-05-10T15:23:36+00:00\",\"dateModified\":\"2024-05-20T10:02:40+00:00\",\"breadcrumb\":{\"@id\":\"https:\\\/\\\/optical-sorting.de\\\/es\\\/aviso-legal-2\\\/#breadcrumb\"},\"inLanguage\":\"es\",\"potentialAction\":[{\"@type\":\"ReadAction\",\"target\":[\"https:\\\/\\\/optical-sorting.de\\\/es\\\/aviso-legal-2\\\/\"]}]},{\"@type\":\"ImageObject\",\"inLanguage\":\"es\",\"@id\":\"https:\\\/\\\/optical-sorting.de\\\/es\\\/aviso-legal-2\\\/#primaryimage\",\"url\":\"https:\\\/\\\/optical-sorting.de\\\/wp-content\\\/uploads\\\/elementor\\\/thumbs\\\/logos-kit-digital-1024x110-1-qoag0sh9k9k07g9fhsqodvrkl3h3x752dircwmzwv0.jpeg\",\"contentUrl\":\"https:\\\/\\\/optical-sorting.de\\\/wp-content\\\/uploads\\\/elementor\\\/thumbs\\\/logos-kit-digital-1024x110-1-qoag0sh9k9k07g9fhsqodvrkl3h3x752dircwmzwv0.jpeg\"},{\"@type\":\"BreadcrumbList\",\"@id\":\"https:\\\/\\\/optical-sorting.de\\\/es\\\/aviso-legal-2\\\/#breadcrumb\",\"itemListElement\":[{\"@type\":\"ListItem\",\"position\":1,\"name\":\"Portada\",\"item\":\"https:\\\/\\\/optical-sorting.de\\\/es\\\/\"},{\"@type\":\"ListItem\",\"position\":2,\"name\":\"T\u00e9rminos y condiciones generales\"}]},{\"@type\":\"WebSite\",\"@id\":\"https:\\\/\\\/optical-sorting.de\\\/es\\\/#website\",\"url\":\"https:\\\/\\\/optical-sorting.de\\\/es\\\/\",\"name\":\"Optical Sorting\",\"description\":\"Ofrecemos servicio de recuperaci\u00f3n de la calidad en granza\",\"publisher\":{\"@id\":\"https:\\\/\\\/optical-sorting.de\\\/es\\\/#organization\"},\"potentialAction\":[{\"@type\":\"SearchAction\",\"target\":{\"@type\":\"EntryPoint\",\"urlTemplate\":\"https:\\\/\\\/optical-sorting.de\\\/es\\\/?s={search_term_string}\"},\"query-input\":{\"@type\":\"PropertyValueSpecification\",\"valueRequired\":true,\"valueName\":\"search_term_string\"}}],\"inLanguage\":\"es\"},{\"@type\":\"Organization\",\"@id\":\"https:\\\/\\\/optical-sorting.de\\\/es\\\/#organization\",\"name\":\"Optical Sorting\",\"alternateName\":\"Optical Sorting\",\"url\":\"https:\\\/\\\/optical-sorting.de\\\/es\\\/\",\"logo\":{\"@type\":\"ImageObject\",\"inLanguage\":\"es\",\"@id\":\"https:\\\/\\\/optical-sorting.de\\\/es\\\/#\\\/schema\\\/logo\\\/image\\\/\",\"url\":\"https:\\\/\\\/optical-sorting.de\\\/wp-content\\\/uploads\\\/2021\\\/05\\\/opticalsorting-color-02-150x51-1.png\",\"contentUrl\":\"https:\\\/\\\/optical-sorting.de\\\/wp-content\\\/uploads\\\/2021\\\/05\\\/opticalsorting-color-02-150x51-1.png\",\"width\":150,\"height\":51,\"caption\":\"Optical Sorting\"},\"image\":{\"@id\":\"https:\\\/\\\/optical-sorting.de\\\/es\\\/#\\\/schema\\\/logo\\\/image\\\/\"}}]}<\/script>\n<!-- \/ Yoast SEO plugin. -->","yoast_head_json":{"title":"T\u00e9rminos y condiciones generales - Optical Sorting","robots":{"index":"noindex","follow":"follow"},"og_locale":"es_ES","og_type":"article","og_title":"T\u00e9rminos y condiciones generales - Optical Sorting","og_description":"\u00c1mbito de validez 1.1\u00a0Las presentes condiciones comerciales generales se aplicar\u00e1n a todos los contratos que celebremos con nuestros clientes. 1.2\u00a0Nuestros servicios y ofertas estar\u00e1n sujetos \u00fanica y exclusivamente a las presentes condiciones comerciales generales, que tambi\u00e9n se aplicar\u00e1n a las transacciones futuras con el cliente en cuesti\u00f3n, siempre que se trate de operaciones legales de ... Leer m\u00e1s","og_url":"https:\/\/optical-sorting.de\/es\/aviso-legal-2\/","og_site_name":"Optical Sorting","article_modified_time":"2024-05-20T10:02:40+00:00","og_image":[{"url":"https:\/\/optical-sorting.de\/wp-content\/uploads\/elementor\/thumbs\/logos-kit-digital-1024x110-1-qoag0sh9k9k07g9fhsqodvrkl3h3x752dircwmzwv0.jpeg","type":"","width":"","height":""}],"twitter_card":"summary_large_image","twitter_misc":{"Tiempo de lectura":"6 minutos"},"schema":{"@context":"https:\/\/schema.org","@graph":[{"@type":"WebPage","@id":"https:\/\/optical-sorting.de\/es\/aviso-legal-2\/","url":"https:\/\/optical-sorting.de\/es\/aviso-legal-2\/","name":"T\u00e9rminos y condiciones generales - Optical Sorting","isPartOf":{"@id":"https:\/\/optical-sorting.de\/es\/#website"},"primaryImageOfPage":{"@id":"https:\/\/optical-sorting.de\/es\/aviso-legal-2\/#primaryimage"},"image":{"@id":"https:\/\/optical-sorting.de\/es\/aviso-legal-2\/#primaryimage"},"thumbnailUrl":"https:\/\/optical-sorting.de\/wp-content\/uploads\/elementor\/thumbs\/logos-kit-digital-1024x110-1-qoag0sh9k9k07g9fhsqodvrkl3h3x752dircwmzwv0.jpeg","datePublished":"2021-05-10T15:23:36+00:00","dateModified":"2024-05-20T10:02:40+00:00","breadcrumb":{"@id":"https:\/\/optical-sorting.de\/es\/aviso-legal-2\/#breadcrumb"},"inLanguage":"es","potentialAction":[{"@type":"ReadAction","target":["https:\/\/optical-sorting.de\/es\/aviso-legal-2\/"]}]},{"@type":"ImageObject","inLanguage":"es","@id":"https:\/\/optical-sorting.de\/es\/aviso-legal-2\/#primaryimage","url":"https:\/\/optical-sorting.de\/wp-content\/uploads\/elementor\/thumbs\/logos-kit-digital-1024x110-1-qoag0sh9k9k07g9fhsqodvrkl3h3x752dircwmzwv0.jpeg","contentUrl":"https:\/\/optical-sorting.de\/wp-content\/uploads\/elementor\/thumbs\/logos-kit-digital-1024x110-1-qoag0sh9k9k07g9fhsqodvrkl3h3x752dircwmzwv0.jpeg"},{"@type":"BreadcrumbList","@id":"https:\/\/optical-sorting.de\/es\/aviso-legal-2\/#breadcrumb","itemListElement":[{"@type":"ListItem","position":1,"name":"Portada","item":"https:\/\/optical-sorting.de\/es\/"},{"@type":"ListItem","position":2,"name":"T\u00e9rminos y condiciones generales"}]},{"@type":"WebSite","@id":"https:\/\/optical-sorting.de\/es\/#website","url":"https:\/\/optical-sorting.de\/es\/","name":"Optical Sorting","description":"Ofrecemos servicio de recuperaci\u00f3n de la calidad en granza","publisher":{"@id":"https:\/\/optical-sorting.de\/es\/#organization"},"potentialAction":[{"@type":"SearchAction","target":{"@type":"EntryPoint","urlTemplate":"https:\/\/optical-sorting.de\/es\/?s={search_term_string}"},"query-input":{"@type":"PropertyValueSpecification","valueRequired":true,"valueName":"search_term_string"}}],"inLanguage":"es"},{"@type":"Organization","@id":"https:\/\/optical-sorting.de\/es\/#organization","name":"Optical Sorting","alternateName":"Optical Sorting","url":"https:\/\/optical-sorting.de\/es\/","logo":{"@type":"ImageObject","inLanguage":"es","@id":"https:\/\/optical-sorting.de\/es\/#\/schema\/logo\/image\/","url":"https:\/\/optical-sorting.de\/wp-content\/uploads\/2021\/05\/opticalsorting-color-02-150x51-1.png","contentUrl":"https:\/\/optical-sorting.de\/wp-content\/uploads\/2021\/05\/opticalsorting-color-02-150x51-1.png","width":150,"height":51,"caption":"Optical Sorting"},"image":{"@id":"https:\/\/optical-sorting.de\/es\/#\/schema\/logo\/image\/"}}]}},"_links":{"self":[{"href":"https:\/\/optical-sorting.de\/es\/wp-json\/wp\/v2\/pages\/841","targetHints":{"allow":["GET"]}}],"collection":[{"href":"https:\/\/optical-sorting.de\/es\/wp-json\/wp\/v2\/pages"}],"about":[{"href":"https:\/\/optical-sorting.de\/es\/wp-json\/wp\/v2\/types\/page"}],"author":[{"embeddable":true,"href":"https:\/\/optical-sorting.de\/es\/wp-json\/wp\/v2\/users\/1"}],"replies":[{"embeddable":true,"href":"https:\/\/optical-sorting.de\/es\/wp-json\/wp\/v2\/comments?post=841"}],"version-history":[{"count":3,"href":"https:\/\/optical-sorting.de\/es\/wp-json\/wp\/v2\/pages\/841\/revisions"}],"predecessor-version":[{"id":2735,"href":"https:\/\/optical-sorting.de\/es\/wp-json\/wp\/v2\/pages\/841\/revisions\/2735"}],"wp:attachment":[{"href":"https:\/\/optical-sorting.de\/es\/wp-json\/wp\/v2\/media?parent=841"}],"curies":[{"name":"wp","href":"https:\/\/api.w.org\/{rel}","templated":true}]}}