{"id":847,"date":"2021-05-10T15:25:14","date_gmt":"2021-05-10T15:25:14","guid":{"rendered":"https:\/\/optical-sorting.de\/?page_id=847"},"modified":"2024-05-20T10:05:25","modified_gmt":"2024-05-20T10:05:25","slug":"politica-cookies","status":"publish","type":"page","link":"https:\/\/optical-sorting.de\/es\/politica-cookies\/","title":{"rendered":"Pol\u00edtica de cookies"},"content":{"rendered":"\t\t<div data-elementor-type=\"wp-page\" data-elementor-id=\"847\" class=\"elementor elementor-847\" data-elementor-post-type=\"page\">\n\t\t\t\t\t\t<section class=\"elementor-section elementor-top-section elementor-element elementor-element-99b267f elementor-section-boxed elementor-section-height-default elementor-section-height-default\" data-id=\"99b267f\" data-element_type=\"section\" data-e-type=\"section\">\n\t\t\t\t\t\t<div class=\"elementor-container elementor-column-gap-default\">\n\t\t\t\t\t<div class=\"elementor-column elementor-col-100 elementor-top-column elementor-element elementor-element-1a5d7fb\" data-id=\"1a5d7fb\" data-element_type=\"column\" data-e-type=\"column\">\n\t\t\t<div class=\"elementor-widget-wrap elementor-element-populated\">\n\t\t\t\t\t\t<div class=\"elementor-element elementor-element-8cd957a elementor-widget elementor-widget-text-editor\" data-id=\"8cd957a\" data-element_type=\"widget\" data-e-type=\"widget\" data-widget_type=\"text-editor.default\">\n\t\t\t\t<div class=\"elementor-widget-container\">\n\t\t\t\t\t\t\t\t\t<p>Las Cookies son un elemento b\u00e1sico para el funcionamiento de la red, a lo largo de estos \u00faltimos a\u00f1os nos han facilitado el trabajo y aportado beneficios a la hora de prestar servicios online. Por contra,\u00faltimamente se ha disparado un cierto temor social de que las cookies puedan suponer un problema con respecto a la privacidad de datos del propio usuario. Con este documento, queremos haceros entender, c\u00f3mo afectan las cookies a vuestra privacidad.<\/p><p><strong>\u00bfQu\u00e9 son las Cookies?<\/strong><\/p><p>Las Cookies son peque\u00f1os archivos que contienen diferentes n\u00fameros y letras y que se utilizan con el fin de poder distinguir a un usuario que interact\u00faa con nuestra web de otro y que tambi\u00e9n permiten la continuidad de la informaci\u00f3n entre diferentes p\u00e1ginas de una misma web.<\/p><p><strong>\u00bfPor qu\u00e9 utilizamos Cookies?<\/strong><\/p><p>B\u00e1sicamente, utilizamos las cookies para poder ofrecer una mejor experiencia de usuario a nuestros visitantes. Esto lo conseguimos obteniendo informaci\u00f3n, por ejemplo, de la ruta que siguen nuestros usuarios dentro de nuestra web o desde donde han llegado a nuestro sitio. Con esto mejoramos el acceso a nuestro sitio web y por tanto la experiencia que el usuario tiene navegando por \u00e9l. Cabe recordar que para esto no necesitamos ning\u00fan tipo de informaci\u00f3n personal o privada del usuario.<\/p><p>Si usted contin\u00faa utilizando nuestro sitio web tras haber recibido el mensaje relativo al uso de las cookies, entenderemos que est\u00e1 de acuerdo con que las utilicemos en la forma descrita en esta pol\u00edtica. Si decide no aceptar nuestras cookies, puede configurar su navegador para ser avisado en pantalla de la recepci\u00f3n de cookies y para impedir la instalaci\u00f3n de cookies en su disco duro. Para inhibir la instalaci\u00f3n de las mismas debe seguir las instrucciones correspondientes de su navegador:<\/p><ul><li>Firefox\u00a0<a href=\"http:\/\/www.einnova.com\/soporte\/scp\/l.php?url=http%3A%2F%2Fsupport.mozilla.org%2Fes%2Fproducts%2Ffirefox%2Fcookies&amp;auth=09f67522aa1f207ab44f97cd152988cc\">https:\/\/support.mozilla.org\/es\/kb\/habilitar-y-deshabilitar-cookies-que-los-sitios-we<\/a><\/li><li>Chrome\u00a0<a href=\"http:\/\/www.einnova.com\/soporte\/scp\/l.php?url=http%3A%2F%2Fsupport.google.com%2Fchrome%2Fbin%2Fanswer.py%3Fhl%3Des%26amp%3Banswer%3D95647&amp;auth=09f67522aa1f207ab44f97cd152988cc\">http:\/\/support.google.com\/chrome\/bin\/answer.py?hl=es&amp;answer=95647<\/a><\/li><li>Explorer\u00a0<a href=\"http:\/\/www.einnova.com\/soporte\/scp\/l.php?url=http%3A%2F%2Fwindows.microsoft.com%2Fes-es%2Fwindows7%2Fhow-to-manage-cookies-in-internet-explorer-9&amp;auth=09f67522aa1f207ab44f97cd152988cc\">http:\/\/windows.microsoft.com\/es-es\/windows7\/how-to-manage-cookies-in-internet-explorer-9<\/a><\/li><li>Safari desde\u00a0<a href=\"http:\/\/www.einnova.com\/soporte\/scp\/l.php?url=http%3A%2F%2Fsupport.apple.com%2Fkb%2Fph5042&amp;auth=09f67522aa1f207ab44f97cd152988cc\">http:\/\/support.apple.com\/kb\/ph5042<\/a><\/li><\/ul><p>Si utiliza otro navegador, puede obtener m\u00e1s informaci\u00f3n sobre c\u00f3mo configurar la instalaci\u00f3n de las cookies a trav\u00e9s de la secci\u00f3n de ayuda o asistencia de dicho navegador.<\/p><p>Si decide no aceptar nuestras cookies, podr\u00e1 continuar utilizando nuestro sitio web de la forma habitual, aunque es posible que su experiencia como usuario se vea perjudicada.<\/p><p>Las cookies se utilizan con la siguiente finalidad:<\/p><ul><li>_utma, _utmb, _utmc, _utmz: Analisis estad\u00edstico de la web con Google Analytics<\/li><\/ul><p>Las normas sobre cookies est\u00e1n en constante evoluci\u00f3n, por lo que para adaptarse a las nuevas pr\u00e1cticas o, incluso, a futuros cambios normativos. Le recomendamos que revise nuestras condiciones legales peri\u00f3dicamente para conocer la versi\u00f3n aplicable en cada momento.<\/p>\t\t\t\t\t\t\t\t<\/div>\n\t\t\t\t<\/div>\n\t\t\t\t\t<\/div>\n\t\t<\/div>\n\t\t\t\t\t<\/div>\n\t\t<\/section>\n\t\t\t\t<section class=\"elementor-section elementor-top-section elementor-element elementor-element-5b2962b elementor-section-boxed elementor-section-height-default elementor-section-height-default\" data-id=\"5b2962b\" data-element_type=\"section\" data-e-type=\"section\">\n\t\t\t\t\t\t<div class=\"elementor-container elementor-column-gap-default\">\n\t\t\t\t\t<div class=\"elementor-column elementor-col-100 elementor-top-column elementor-element elementor-element-2fd16b8\" data-id=\"2fd16b8\" data-element_type=\"column\" data-e-type=\"column\">\n\t\t\t<div class=\"elementor-widget-wrap elementor-element-populated\">\n\t\t\t\t\t\t<div class=\"elementor-element elementor-element-c084586 elementor-widget elementor-widget-image\" data-id=\"c084586\" data-element_type=\"widget\" data-e-type=\"widget\" data-widget_type=\"image.default\">\n\t\t\t\t<div class=\"elementor-widget-container\">\n\t\t\t\t\t\t\t\t\t\t\t\t\t\t\t<img decoding=\"async\" src=\"https:\/\/optical-sorting.de\/wp-content\/uploads\/elementor\/thumbs\/logos-kit-digital-1024x110-1-qoag0sh9k9k07g9fhsqodvrkl3h3x752dircwmzwuq.jpeg\" title=\"logos-kit-digital-1024&#215;110\" alt=\"logos-kit-digital-1024x110\" loading=\"lazy\" \/>\t\t\t\t\t\t\t\t\t\t\t\t\t\t\t<\/div>\n\t\t\t\t<\/div>\n\t\t\t\t\t<\/div>\n\t\t<\/div>\n\t\t\t\t\t<\/div>\n\t\t<\/section>\n\t\t\t\t<\/div>\n\t\t","protected":false},"excerpt":{"rendered":"<p>Las Cookies son un elemento b\u00e1sico para el funcionamiento de la red, a lo largo de estos \u00faltimos a\u00f1os nos han facilitado el trabajo y aportado beneficios a la hora de prestar servicios online. Por contra,\u00faltimamente se ha disparado un cierto temor social de que las cookies puedan suponer un problema con respecto a la &#8230; <a title=\"Pol\u00edtica de cookies\" class=\"read-more\" href=\"https:\/\/optical-sorting.de\/es\/politica-cookies\/\" aria-label=\"Leer m\u00e1s sobre Pol\u00edtica de cookies\">Leer m\u00e1s<\/a><\/p>\n","protected":false},"author":1,"featured_media":0,"parent":0,"menu_order":0,"comment_status":"closed","ping_status":"closed","template":"","meta":{"footnotes":""},"class_list":["post-847","page","type-page","status-publish"],"yoast_head":"<!-- This site is optimized with the Yoast SEO plugin v27.3 - https:\/\/yoast.com\/product\/yoast-seo-wordpress\/ -->\n<title>Pol\u00edtica de cookies - Optical Sorting<\/title>\n<meta name=\"robots\" content=\"noindex, follow\" \/>\n<meta property=\"og:locale\" content=\"es_ES\" \/>\n<meta property=\"og:type\" content=\"article\" \/>\n<meta property=\"og:title\" content=\"Pol\u00edtica de cookies - Optical Sorting\" \/>\n<meta property=\"og:description\" content=\"Las Cookies son un elemento b\u00e1sico para el funcionamiento de la red, a lo largo de estos \u00faltimos a\u00f1os nos han facilitado el trabajo y aportado beneficios a la hora de prestar servicios online. Por contra,\u00faltimamente se ha disparado un cierto temor social de que las cookies puedan suponer un problema con respecto a la ... Leer m\u00e1s\" \/>\n<meta property=\"og:url\" content=\"https:\/\/optical-sorting.de\/es\/politica-cookies\/\" \/>\n<meta property=\"og:site_name\" content=\"Optical Sorting\" \/>\n<meta property=\"article:modified_time\" content=\"2024-05-20T10:05:25+00:00\" \/>\n<meta property=\"og:image\" content=\"https:\/\/optical-sorting.de\/wp-content\/uploads\/elementor\/thumbs\/logos-kit-digital-1024x110-1-qoag0sh9k9k07g9fhsqodvrkl3h3x752dircwmzwv0.jpeg\" \/>\n<meta name=\"twitter:card\" content=\"summary_large_image\" \/>\n<meta name=\"twitter:label1\" content=\"Tiempo de lectura\" \/>\n\t<meta name=\"twitter:data1\" content=\"2 minutos\" \/>\n<script type=\"application\/ld+json\" class=\"yoast-schema-graph\">{\"@context\":\"https:\\\/\\\/schema.org\",\"@graph\":[{\"@type\":\"WebPage\",\"@id\":\"https:\\\/\\\/optical-sorting.de\\\/es\\\/politica-cookies\\\/\",\"url\":\"https:\\\/\\\/optical-sorting.de\\\/es\\\/politica-cookies\\\/\",\"name\":\"Pol\u00edtica de cookies - Optical Sorting\",\"isPartOf\":{\"@id\":\"https:\\\/\\\/optical-sorting.de\\\/es\\\/#website\"},\"primaryImageOfPage\":{\"@id\":\"https:\\\/\\\/optical-sorting.de\\\/es\\\/politica-cookies\\\/#primaryimage\"},\"image\":{\"@id\":\"https:\\\/\\\/optical-sorting.de\\\/es\\\/politica-cookies\\\/#primaryimage\"},\"thumbnailUrl\":\"https:\\\/\\\/optical-sorting.de\\\/wp-content\\\/uploads\\\/elementor\\\/thumbs\\\/logos-kit-digital-1024x110-1-qoag0sh9k9k07g9fhsqodvrkl3h3x752dircwmzwv0.jpeg\",\"datePublished\":\"2021-05-10T15:25:14+00:00\",\"dateModified\":\"2024-05-20T10:05:25+00:00\",\"breadcrumb\":{\"@id\":\"https:\\\/\\\/optical-sorting.de\\\/es\\\/politica-cookies\\\/#breadcrumb\"},\"inLanguage\":\"es\",\"potentialAction\":[{\"@type\":\"ReadAction\",\"target\":[\"https:\\\/\\\/optical-sorting.de\\\/es\\\/politica-cookies\\\/\"]}]},{\"@type\":\"ImageObject\",\"inLanguage\":\"es\",\"@id\":\"https:\\\/\\\/optical-sorting.de\\\/es\\\/politica-cookies\\\/#primaryimage\",\"url\":\"https:\\\/\\\/optical-sorting.de\\\/wp-content\\\/uploads\\\/elementor\\\/thumbs\\\/logos-kit-digital-1024x110-1-qoag0sh9k9k07g9fhsqodvrkl3h3x752dircwmzwv0.jpeg\",\"contentUrl\":\"https:\\\/\\\/optical-sorting.de\\\/wp-content\\\/uploads\\\/elementor\\\/thumbs\\\/logos-kit-digital-1024x110-1-qoag0sh9k9k07g9fhsqodvrkl3h3x752dircwmzwv0.jpeg\"},{\"@type\":\"BreadcrumbList\",\"@id\":\"https:\\\/\\\/optical-sorting.de\\\/es\\\/politica-cookies\\\/#breadcrumb\",\"itemListElement\":[{\"@type\":\"ListItem\",\"position\":1,\"name\":\"Portada\",\"item\":\"https:\\\/\\\/optical-sorting.de\\\/es\\\/\"},{\"@type\":\"ListItem\",\"position\":2,\"name\":\"Pol\u00edtica de cookies\"}]},{\"@type\":\"WebSite\",\"@id\":\"https:\\\/\\\/optical-sorting.de\\\/es\\\/#website\",\"url\":\"https:\\\/\\\/optical-sorting.de\\\/es\\\/\",\"name\":\"Optical Sorting\",\"description\":\"Ofrecemos servicio de recuperaci\u00f3n de la calidad en granza\",\"publisher\":{\"@id\":\"https:\\\/\\\/optical-sorting.de\\\/es\\\/#organization\"},\"potentialAction\":[{\"@type\":\"SearchAction\",\"target\":{\"@type\":\"EntryPoint\",\"urlTemplate\":\"https:\\\/\\\/optical-sorting.de\\\/es\\\/?s={search_term_string}\"},\"query-input\":{\"@type\":\"PropertyValueSpecification\",\"valueRequired\":true,\"valueName\":\"search_term_string\"}}],\"inLanguage\":\"es\"},{\"@type\":\"Organization\",\"@id\":\"https:\\\/\\\/optical-sorting.de\\\/es\\\/#organization\",\"name\":\"Optical Sorting\",\"alternateName\":\"Optical Sorting\",\"url\":\"https:\\\/\\\/optical-sorting.de\\\/es\\\/\",\"logo\":{\"@type\":\"ImageObject\",\"inLanguage\":\"es\",\"@id\":\"https:\\\/\\\/optical-sorting.de\\\/es\\\/#\\\/schema\\\/logo\\\/image\\\/\",\"url\":\"https:\\\/\\\/optical-sorting.de\\\/wp-content\\\/uploads\\\/2021\\\/05\\\/opticalsorting-color-02-150x51-1.png\",\"contentUrl\":\"https:\\\/\\\/optical-sorting.de\\\/wp-content\\\/uploads\\\/2021\\\/05\\\/opticalsorting-color-02-150x51-1.png\",\"width\":150,\"height\":51,\"caption\":\"Optical Sorting\"},\"image\":{\"@id\":\"https:\\\/\\\/optical-sorting.de\\\/es\\\/#\\\/schema\\\/logo\\\/image\\\/\"}}]}<\/script>\n<!-- \/ Yoast SEO plugin. -->","yoast_head_json":{"title":"Pol\u00edtica de cookies - Optical Sorting","robots":{"index":"noindex","follow":"follow"},"og_locale":"es_ES","og_type":"article","og_title":"Pol\u00edtica de cookies - Optical Sorting","og_description":"Las Cookies son un elemento b\u00e1sico para el funcionamiento de la red, a lo largo de estos \u00faltimos a\u00f1os nos han facilitado el trabajo y aportado beneficios a la hora de prestar servicios online. Por contra,\u00faltimamente se ha disparado un cierto temor social de que las cookies puedan suponer un problema con respecto a la ... Leer m\u00e1s","og_url":"https:\/\/optical-sorting.de\/es\/politica-cookies\/","og_site_name":"Optical Sorting","article_modified_time":"2024-05-20T10:05:25+00:00","og_image":[{"url":"https:\/\/optical-sorting.de\/wp-content\/uploads\/elementor\/thumbs\/logos-kit-digital-1024x110-1-qoag0sh9k9k07g9fhsqodvrkl3h3x752dircwmzwv0.jpeg","type":"","width":"","height":""}],"twitter_card":"summary_large_image","twitter_misc":{"Tiempo de lectura":"2 minutos"},"schema":{"@context":"https:\/\/schema.org","@graph":[{"@type":"WebPage","@id":"https:\/\/optical-sorting.de\/es\/politica-cookies\/","url":"https:\/\/optical-sorting.de\/es\/politica-cookies\/","name":"Pol\u00edtica de cookies - Optical Sorting","isPartOf":{"@id":"https:\/\/optical-sorting.de\/es\/#website"},"primaryImageOfPage":{"@id":"https:\/\/optical-sorting.de\/es\/politica-cookies\/#primaryimage"},"image":{"@id":"https:\/\/optical-sorting.de\/es\/politica-cookies\/#primaryimage"},"thumbnailUrl":"https:\/\/optical-sorting.de\/wp-content\/uploads\/elementor\/thumbs\/logos-kit-digital-1024x110-1-qoag0sh9k9k07g9fhsqodvrkl3h3x752dircwmzwv0.jpeg","datePublished":"2021-05-10T15:25:14+00:00","dateModified":"2024-05-20T10:05:25+00:00","breadcrumb":{"@id":"https:\/\/optical-sorting.de\/es\/politica-cookies\/#breadcrumb"},"inLanguage":"es","potentialAction":[{"@type":"ReadAction","target":["https:\/\/optical-sorting.de\/es\/politica-cookies\/"]}]},{"@type":"ImageObject","inLanguage":"es","@id":"https:\/\/optical-sorting.de\/es\/politica-cookies\/#primaryimage","url":"https:\/\/optical-sorting.de\/wp-content\/uploads\/elementor\/thumbs\/logos-kit-digital-1024x110-1-qoag0sh9k9k07g9fhsqodvrkl3h3x752dircwmzwv0.jpeg","contentUrl":"https:\/\/optical-sorting.de\/wp-content\/uploads\/elementor\/thumbs\/logos-kit-digital-1024x110-1-qoag0sh9k9k07g9fhsqodvrkl3h3x752dircwmzwv0.jpeg"},{"@type":"BreadcrumbList","@id":"https:\/\/optical-sorting.de\/es\/politica-cookies\/#breadcrumb","itemListElement":[{"@type":"ListItem","position":1,"name":"Portada","item":"https:\/\/optical-sorting.de\/es\/"},{"@type":"ListItem","position":2,"name":"Pol\u00edtica de cookies"}]},{"@type":"WebSite","@id":"https:\/\/optical-sorting.de\/es\/#website","url":"https:\/\/optical-sorting.de\/es\/","name":"Optical Sorting","description":"Ofrecemos servicio de recuperaci\u00f3n de la calidad en granza","publisher":{"@id":"https:\/\/optical-sorting.de\/es\/#organization"},"potentialAction":[{"@type":"SearchAction","target":{"@type":"EntryPoint","urlTemplate":"https:\/\/optical-sorting.de\/es\/?s={search_term_string}"},"query-input":{"@type":"PropertyValueSpecification","valueRequired":true,"valueName":"search_term_string"}}],"inLanguage":"es"},{"@type":"Organization","@id":"https:\/\/optical-sorting.de\/es\/#organization","name":"Optical Sorting","alternateName":"Optical Sorting","url":"https:\/\/optical-sorting.de\/es\/","logo":{"@type":"ImageObject","inLanguage":"es","@id":"https:\/\/optical-sorting.de\/es\/#\/schema\/logo\/image\/","url":"https:\/\/optical-sorting.de\/wp-content\/uploads\/2021\/05\/opticalsorting-color-02-150x51-1.png","contentUrl":"https:\/\/optical-sorting.de\/wp-content\/uploads\/2021\/05\/opticalsorting-color-02-150x51-1.png","width":150,"height":51,"caption":"Optical Sorting"},"image":{"@id":"https:\/\/optical-sorting.de\/es\/#\/schema\/logo\/image\/"}}]}},"_links":{"self":[{"href":"https:\/\/optical-sorting.de\/es\/wp-json\/wp\/v2\/pages\/847","targetHints":{"allow":["GET"]}}],"collection":[{"href":"https:\/\/optical-sorting.de\/es\/wp-json\/wp\/v2\/pages"}],"about":[{"href":"https:\/\/optical-sorting.de\/es\/wp-json\/wp\/v2\/types\/page"}],"author":[{"embeddable":true,"href":"https:\/\/optical-sorting.de\/es\/wp-json\/wp\/v2\/users\/1"}],"replies":[{"embeddable":true,"href":"https:\/\/optical-sorting.de\/es\/wp-json\/wp\/v2\/comments?post=847"}],"version-history":[{"count":3,"href":"https:\/\/optical-sorting.de\/es\/wp-json\/wp\/v2\/pages\/847\/revisions"}],"predecessor-version":[{"id":2744,"href":"https:\/\/optical-sorting.de\/es\/wp-json\/wp\/v2\/pages\/847\/revisions\/2744"}],"wp:attachment":[{"href":"https:\/\/optical-sorting.de\/es\/wp-json\/wp\/v2\/media?parent=847"}],"curies":[{"name":"wp","href":"https:\/\/api.w.org\/{rel}","templated":true}]}}